{"id":943,"date":"2023-03-30T17:40:24","date_gmt":"2023-03-30T17:40:24","guid":{"rendered":"https:\/\/vozdecapitu.com.br\/produto\/libro-ahora-puedo-respirar\/"},"modified":"2023-03-30T17:40:24","modified_gmt":"2023-03-30T17:40:24","slug":"livro-agora-consigo-respirar","status":"publish","type":"product","link":"https:\/\/vozdecapitu.com.br\/es\/produto\/livro-agora-consigo-respirar\/","title":{"rendered":"Libro \u00abAhora puedo respirar\u00bb"},"content":{"rendered":"<h2>Detalles del producto<\/h2>\n<ul>\n<li><strong>Autora:<\/strong> Carla L\u00facio Alves<\/li>\n<li><strong>Editorial :<\/strong>Capitu; 1\u00aa edici\u00f3n (2020)<\/li>\n<li><strong>Idioma:<\/strong> portugues<\/li>\n<li><strong>R\u00fastica:<\/strong> 76 p\u00e1ginas<\/li>\n<li><strong>ISBN <\/strong>978-65-5854-056-4<\/li>\n<li><strong>Dimensiones:<\/strong> 140 x 210 mm\n<div>Creemos que no podemos superar un momento dif\u00edcil<\/div>\n<div>hasta que sea efectivamente cesado o anulado por otro peor. Y es<\/div>\n<div>es muy probable que pensara eso cuando escrib\u00ed algunos<\/div>\n<div>de los poemas aqu\u00ed contenidos.<\/div>\n<div><\/div>\n<div>Sin embargo, los otros poemas sirven para calentar almas y corazones.<\/div>\n<div> que necesitan reconstrucci\u00f3n. Hasta porque<\/div>\n<div>podemos y somos capaces de evolucionar en la adversidad. Por eso mismo<\/div>\n<div>los cap\u00edtulos fueron ordenados desde el dolor hasta el amor, a\u00fan sabiendo<\/div>\n<div>que esta configuraci\u00f3n no es la regla.<\/div>\n<div><\/div>\n<div>Incluso los cap\u00edtulos tienen su palabra de t\u00edtulo seguida de una<\/div>\n<div>definici\u00f3n comprensiva, para que quede claro cu\u00e1nto cada verdad es<\/div>\n<div>traspuesto por todas las experiencias de ayer y ahora.<\/div>\n<div><\/div>\n<div>El t\u00edtulo \u201cAhora puedo respirar\u201d fue tomado de uno de los ver-<\/div>\n<div>est\u00e1n presentes aqu\u00ed y trae un significado de alivio despu\u00e9s de la agitaci\u00f3n<\/div>\n<div>que hasta entonces parec\u00eda no tener fin.<\/div>\n<div><\/div>\n<div>Parar y respirar es el descanso que necesitamos tomar en medio de<\/div>\n<div>cualquier dificultad. S\u00f3lo despu\u00e9s de \u00aboxigenar\u00bb las ideas es<\/div>\n<div>que podemos pensar fuera del contexto y ver lo que nuestro<\/div>\n<div>lugar en la situaci\u00f3n: por qu\u00e9; si es necesario; Cu\u00e1les son las consecuencias;<\/div>\n<div>cu\u00e1les son los nombres de nuestros dolores; si tenemos que salir y c\u00f3mo hacerlo.<\/div>\n<div><\/div>\n<\/li>\n<\/ul>\n","protected":false},"excerpt":{"rendered":"<p>Detalles del producto Autora: Carla L\u00facio Alves Editorial :Capitu; 1\u00aa edici\u00f3n (2020) Idioma: portugues R\u00fastica: 76 p\u00e1ginas ISBN 978-65-5854-056-4 Dimensiones: 140 x 210 mm Creemos que no podemos superar un momento dif\u00edcil hasta que sea efectivamente cesado o anulado por otro peor. Y es es muy probable que pensara eso cuando escrib\u00ed algunos de los [&hellip;]<\/p>\n","protected":false},"featured_media":794,"comment_status":"open","ping_status":"closed","template":"","meta":{"_monsterinsights_skip_tracking":false,"_monsterinsights_sitenote_active":false,"_monsterinsights_sitenote_note":"","_monsterinsights_sitenote_category":0},"product_brand":[],"product_cat":[53],"product_tag":[],"class_list":{"0":"post-943","1":"product","2":"type-product","3":"status-publish","4":"has-post-thumbnail","6":"product_cat-libros","8":"first","9":"instock","10":"sold-individually","11":"shipping-taxable","12":"purchasable","13":"product-type-simple"},"yoast_head":"<!-- This site is optimized with the Yoast SEO plugin v26.9 - https:\/\/yoast.com\/product\/yoast-seo-wordpress\/ -->\n<title>Libro &quot;Ahora puedo respirar&quot; - Voz de Capitu<\/title>\n<meta name=\"robots\" content=\"index, follow, max-snippet:-1, max-image-preview:large, max-video-preview:-1\" \/>\n<link rel=\"canonical\" href=\"https:\/\/vozdecapitu.com.br\/es\/produto\/livro-agora-consigo-respirar\/\" \/>\n<meta property=\"og:locale\" content=\"es_ES\" \/>\n<meta property=\"og:type\" content=\"article\" \/>\n<meta property=\"og:title\" content=\"Libro &quot;Ahora puedo respirar&quot; - Voz de Capitu\" \/>\n<meta property=\"og:description\" content=\"Detalles del producto Autora: Carla L\u00facio Alves Editorial :Capitu; 1\u00aa edici\u00f3n (2020) Idioma: portugues R\u00fastica: 76 p\u00e1ginas ISBN 978-65-5854-056-4 Dimensiones: 140 x 210 mm Creemos que no podemos superar un momento dif\u00edcil hasta que sea efectivamente cesado o anulado por otro peor. Y es es muy probable que pensara eso cuando escrib\u00ed algunos de los [&hellip;]\" \/>\n<meta property=\"og:url\" content=\"https:\/\/vozdecapitu.com.br\/es\/produto\/livro-agora-consigo-respirar\/\" \/>\n<meta property=\"og:site_name\" content=\"Voz de Capitu\" \/>\n<meta property=\"article:publisher\" content=\"https:\/\/www.facebook.com\/vozdecapitu\" \/>\n<meta property=\"og:image\" content=\"https:\/\/vozdecapitu.com.br\/wp-content\/uploads\/2023\/03\/IMG_5214.png\" \/>\n\t<meta property=\"og:image:width\" content=\"491\" \/>\n\t<meta property=\"og:image:height\" content=\"381\" \/>\n\t<meta property=\"og:image:type\" content=\"image\/png\" \/>\n<meta name=\"twitter:card\" content=\"summary_large_image\" \/>\n<meta name=\"twitter:label1\" content=\"Tiempo de lectura\" \/>\n\t<meta name=\"twitter:data1\" content=\"1 minuto\" \/>\n<script type=\"application\/ld+json\" class=\"yoast-schema-graph\">{\"@context\":\"https:\/\/schema.org\",\"@graph\":[{\"@type\":\"WebPage\",\"@id\":\"https:\/\/vozdecapitu.com.br\/es\/produto\/livro-agora-consigo-respirar\/\",\"url\":\"https:\/\/vozdecapitu.com.br\/es\/produto\/livro-agora-consigo-respirar\/\",\"name\":\"Libro \\\"Ahora puedo respirar\\\" - Voz de Capitu\",\"isPartOf\":{\"@id\":\"https:\/\/vozdecapitu.com.br\/#website\"},\"primaryImageOfPage\":{\"@id\":\"https:\/\/vozdecapitu.com.br\/es\/produto\/livro-agora-consigo-respirar\/#primaryimage\"},\"image\":{\"@id\":\"https:\/\/vozdecapitu.com.br\/es\/produto\/livro-agora-consigo-respirar\/#primaryimage\"},\"thumbnailUrl\":\"https:\/\/vozdecapitu.com.br\/wp-content\/uploads\/2023\/03\/IMG_5214.png\",\"datePublished\":\"2023-03-30T17:40:24+00:00\",\"breadcrumb\":{\"@id\":\"https:\/\/vozdecapitu.com.br\/es\/produto\/livro-agora-consigo-respirar\/#breadcrumb\"},\"inLanguage\":\"es\",\"potentialAction\":[{\"@type\":\"ReadAction\",\"target\":[\"https:\/\/vozdecapitu.com.br\/es\/produto\/livro-agora-consigo-respirar\/\"]}]},{\"@type\":\"ImageObject\",\"inLanguage\":\"es\",\"@id\":\"https:\/\/vozdecapitu.com.br\/es\/produto\/livro-agora-consigo-respirar\/#primaryimage\",\"url\":\"https:\/\/vozdecapitu.com.br\/wp-content\/uploads\/2023\/03\/IMG_5214.png\",\"contentUrl\":\"https:\/\/vozdecapitu.com.br\/wp-content\/uploads\/2023\/03\/IMG_5214.png\",\"width\":491,\"height\":381},{\"@type\":\"BreadcrumbList\",\"@id\":\"https:\/\/vozdecapitu.com.br\/es\/produto\/livro-agora-consigo-respirar\/#breadcrumb\",\"itemListElement\":[{\"@type\":\"ListItem\",\"position\":1,\"name\":\"In\u00edcio\",\"item\":\"https:\/\/vozdecapitu.com.br\/\"},{\"@type\":\"ListItem\",\"position\":2,\"name\":\"Loja\",\"item\":\"https:\/\/vozdecapitu.com.br\/loja\/\"},{\"@type\":\"ListItem\",\"position\":3,\"name\":\"Libro \u00abAhora puedo respirar\u00bb\"}]},{\"@type\":\"WebSite\",\"@id\":\"https:\/\/vozdecapitu.com.br\/#website\",\"url\":\"https:\/\/vozdecapitu.com.br\/\",\"name\":\"Voz de Capitu\",\"description\":\"Na voz de Capitu, muitas mulheres.\",\"publisher\":{\"@id\":\"https:\/\/vozdecapitu.com.br\/#organization\"},\"alternateName\":\"Voz de Capitu\",\"potentialAction\":[{\"@type\":\"SearchAction\",\"target\":{\"@type\":\"EntryPoint\",\"urlTemplate\":\"https:\/\/vozdecapitu.com.br\/?s={search_term_string}\"},\"query-input\":{\"@type\":\"PropertyValueSpecification\",\"valueRequired\":true,\"valueName\":\"search_term_string\"}}],\"inLanguage\":\"es\"},{\"@type\":\"Organization\",\"@id\":\"https:\/\/vozdecapitu.com.br\/#organization\",\"name\":\"Voz de Capitu\",\"alternateName\":\"Voz de Capitu\",\"url\":\"https:\/\/vozdecapitu.com.br\/\",\"logo\":{\"@type\":\"ImageObject\",\"inLanguage\":\"es\",\"@id\":\"https:\/\/vozdecapitu.com.br\/#\/schema\/logo\/image\/\",\"url\":\"https:\/\/vozdecapitu.com.br\/wp-content\/uploads\/2023\/07\/capitu.png\",\"contentUrl\":\"https:\/\/vozdecapitu.com.br\/wp-content\/uploads\/2023\/07\/capitu.png\",\"width\":385,\"height\":187,\"caption\":\"Voz de Capitu\"},\"image\":{\"@id\":\"https:\/\/vozdecapitu.com.br\/#\/schema\/logo\/image\/\"},\"sameAs\":[\"https:\/\/www.facebook.com\/vozdecapitu\",\"https:\/\/www.instagram.com\/vozdecapitu\/\"]}]}<\/script>\n<!-- \/ Yoast SEO plugin. -->","yoast_head_json":{"title":"Libro \"Ahora puedo respirar\" - Voz de Capitu","robots":{"index":"index","follow":"follow","max-snippet":"max-snippet:-1","max-image-preview":"max-image-preview:large","max-video-preview":"max-video-preview:-1"},"canonical":"https:\/\/vozdecapitu.com.br\/es\/produto\/livro-agora-consigo-respirar\/","og_locale":"es_ES","og_type":"article","og_title":"Libro \"Ahora puedo respirar\" - Voz de Capitu","og_description":"Detalles del producto Autora: Carla L\u00facio Alves Editorial :Capitu; 1\u00aa edici\u00f3n (2020) Idioma: portugues R\u00fastica: 76 p\u00e1ginas ISBN 978-65-5854-056-4 Dimensiones: 140 x 210 mm Creemos que no podemos superar un momento dif\u00edcil hasta que sea efectivamente cesado o anulado por otro peor. Y es es muy probable que pensara eso cuando escrib\u00ed algunos de los [&hellip;]","og_url":"https:\/\/vozdecapitu.com.br\/es\/produto\/livro-agora-consigo-respirar\/","og_site_name":"Voz de Capitu","article_publisher":"https:\/\/www.facebook.com\/vozdecapitu","og_image":[{"width":491,"height":381,"url":"https:\/\/vozdecapitu.com.br\/wp-content\/uploads\/2023\/03\/IMG_5214.png","type":"image\/png"}],"twitter_card":"summary_large_image","twitter_misc":{"Tiempo de lectura":"1 minuto"},"schema":{"@context":"https:\/\/schema.org","@graph":[{"@type":"WebPage","@id":"https:\/\/vozdecapitu.com.br\/es\/produto\/livro-agora-consigo-respirar\/","url":"https:\/\/vozdecapitu.com.br\/es\/produto\/livro-agora-consigo-respirar\/","name":"Libro \"Ahora puedo respirar\" - Voz de Capitu","isPartOf":{"@id":"https:\/\/vozdecapitu.com.br\/#website"},"primaryImageOfPage":{"@id":"https:\/\/vozdecapitu.com.br\/es\/produto\/livro-agora-consigo-respirar\/#primaryimage"},"image":{"@id":"https:\/\/vozdecapitu.com.br\/es\/produto\/livro-agora-consigo-respirar\/#primaryimage"},"thumbnailUrl":"https:\/\/vozdecapitu.com.br\/wp-content\/uploads\/2023\/03\/IMG_5214.png","datePublished":"2023-03-30T17:40:24+00:00","breadcrumb":{"@id":"https:\/\/vozdecapitu.com.br\/es\/produto\/livro-agora-consigo-respirar\/#breadcrumb"},"inLanguage":"es","potentialAction":[{"@type":"ReadAction","target":["https:\/\/vozdecapitu.com.br\/es\/produto\/livro-agora-consigo-respirar\/"]}]},{"@type":"ImageObject","inLanguage":"es","@id":"https:\/\/vozdecapitu.com.br\/es\/produto\/livro-agora-consigo-respirar\/#primaryimage","url":"https:\/\/vozdecapitu.com.br\/wp-content\/uploads\/2023\/03\/IMG_5214.png","contentUrl":"https:\/\/vozdecapitu.com.br\/wp-content\/uploads\/2023\/03\/IMG_5214.png","width":491,"height":381},{"@type":"BreadcrumbList","@id":"https:\/\/vozdecapitu.com.br\/es\/produto\/livro-agora-consigo-respirar\/#breadcrumb","itemListElement":[{"@type":"ListItem","position":1,"name":"In\u00edcio","item":"https:\/\/vozdecapitu.com.br\/"},{"@type":"ListItem","position":2,"name":"Loja","item":"https:\/\/vozdecapitu.com.br\/loja\/"},{"@type":"ListItem","position":3,"name":"Libro \u00abAhora puedo respirar\u00bb"}]},{"@type":"WebSite","@id":"https:\/\/vozdecapitu.com.br\/#website","url":"https:\/\/vozdecapitu.com.br\/","name":"Voz de Capitu","description":"Na voz de Capitu, muitas mulheres.","publisher":{"@id":"https:\/\/vozdecapitu.com.br\/#organization"},"alternateName":"Voz de Capitu","potentialAction":[{"@type":"SearchAction","target":{"@type":"EntryPoint","urlTemplate":"https:\/\/vozdecapitu.com.br\/?s={search_term_string}"},"query-input":{"@type":"PropertyValueSpecification","valueRequired":true,"valueName":"search_term_string"}}],"inLanguage":"es"},{"@type":"Organization","@id":"https:\/\/vozdecapitu.com.br\/#organization","name":"Voz de Capitu","alternateName":"Voz de Capitu","url":"https:\/\/vozdecapitu.com.br\/","logo":{"@type":"ImageObject","inLanguage":"es","@id":"https:\/\/vozdecapitu.com.br\/#\/schema\/logo\/image\/","url":"https:\/\/vozdecapitu.com.br\/wp-content\/uploads\/2023\/07\/capitu.png","contentUrl":"https:\/\/vozdecapitu.com.br\/wp-content\/uploads\/2023\/07\/capitu.png","width":385,"height":187,"caption":"Voz de Capitu"},"image":{"@id":"https:\/\/vozdecapitu.com.br\/#\/schema\/logo\/image\/"},"sameAs":["https:\/\/www.facebook.com\/vozdecapitu","https:\/\/www.instagram.com\/vozdecapitu\/"]}]}},"_links":{"self":[{"href":"https:\/\/vozdecapitu.com.br\/es\/wp-json\/wp\/v2\/product\/943","targetHints":{"allow":["GET"]}}],"collection":[{"href":"https:\/\/vozdecapitu.com.br\/es\/wp-json\/wp\/v2\/product"}],"about":[{"href":"https:\/\/vozdecapitu.com.br\/es\/wp-json\/wp\/v2\/types\/product"}],"replies":[{"embeddable":true,"href":"https:\/\/vozdecapitu.com.br\/es\/wp-json\/wp\/v2\/comments?post=943"}],"wp:featuredmedia":[{"embeddable":true,"href":"https:\/\/vozdecapitu.com.br\/es\/wp-json\/wp\/v2\/media\/794"}],"wp:attachment":[{"href":"https:\/\/vozdecapitu.com.br\/es\/wp-json\/wp\/v2\/media?parent=943"}],"wp:term":[{"taxonomy":"product_brand","embeddable":true,"href":"https:\/\/vozdecapitu.com.br\/es\/wp-json\/wp\/v2\/product_brand?post=943"},{"taxonomy":"product_cat","embeddable":true,"href":"https:\/\/vozdecapitu.com.br\/es\/wp-json\/wp\/v2\/product_cat?post=943"},{"taxonomy":"product_tag","embeddable":true,"href":"https:\/\/vozdecapitu.com.br\/es\/wp-json\/wp\/v2\/product_tag?post=943"}],"curies":[{"name":"wp","href":"https:\/\/api.w.org\/{rel}","templated":true}]}}