{"id":1247,"date":"2023-12-05T16:31:58","date_gmt":"2023-12-05T19:31:58","guid":{"rendered":"https:\/\/vozdecapitu.com.br\/?post_type=product&#038;p=1247"},"modified":"2023-12-11T09:46:50","modified_gmt":"2023-12-11T12:46:50","slug":"revista-capituras-copia","status":"publish","type":"product","link":"https:\/\/vozdecapitu.com.br\/es\/produto\/revista-capituras-copia\/","title":{"rendered":"Revista Capituras 2ra edici\u00f3n"},"content":{"rendered":"<h1><span style=\"font-size: 24px;\"><strong>Revista: Capituras &#8211; 2ra edici\u00f3n<\/strong><\/span><\/h1>\n<div>\n<ul>\n<li><strong>Paginas: 45<\/strong><\/li>\n<\/ul>\n<div><\/div>\n<\/div>\n<div>\u00a1Ya est\u00e1 disponible la 2\u00aa edici\u00f3n de la Revista Capituras! Capituras es una revista genuina de Potiguar, hecha por mujeres para mujeres, para acercar al p\u00fablico a los artistas de Potiguar.<\/div>\n<div><\/div>\n<div>La extensi\u00f3n de Voz de Capitu va m\u00e1s all\u00e1 de la literatura, destacando producciones femeninas en varios nichos \u2013 artesan\u00eda, danza, cine, artes visuales, dando visibilidad y espacio a mujeres artistas de Rio Grande do Norte.<\/div>\n<div><\/div>\n<div>Leer.<\/div>\n<div>Reportaje: La luz de la luna que ilumin\u00f3 el interior de Rio Grande do Norte<\/div>\n<div>Entrevista: Titina Medeiros y la escena audiovisual brasile\u00f1a + cr\u00f3nicas, poes\u00eda y m\u00fasica<\/div>\n","protected":false},"excerpt":{"rendered":"<p>Revista: Capituras &#8211; 2ra edici\u00f3n Paginas: 45 \u00a1Ya est\u00e1 disponible la 2\u00aa edici\u00f3n de la Revista Capituras! Capituras es una revista genuina de Potiguar, hecha por mujeres para mujeres, para acercar al p\u00fablico a los artistas de Potiguar. La extensi\u00f3n de Voz de Capitu va m\u00e1s all\u00e1 de la literatura, destacando producciones femeninas en varios [&hellip;]<\/p>\n","protected":false},"featured_media":1279,"comment_status":"open","ping_status":"closed","template":"","meta":{"_monsterinsights_skip_tracking":false,"_monsterinsights_sitenote_active":false,"_monsterinsights_sitenote_note":"","_monsterinsights_sitenote_category":0},"product_brand":[],"product_cat":[50],"product_tag":[],"class_list":{"0":"post-1247","1":"product","2":"type-product","3":"status-publish","4":"has-post-thumbnail","6":"product_cat-revistas-es","8":"first","9":"instock","10":"sold-individually","11":"shipping-taxable","12":"purchasable","13":"product-type-simple"},"yoast_head":"<!-- This site is optimized with the Yoast SEO plugin v26.9 - https:\/\/yoast.com\/product\/yoast-seo-wordpress\/ -->\n<title>Revista Capituras 2ra edici\u00f3n - Voz de Capitu<\/title>\n<meta name=\"robots\" content=\"index, follow, max-snippet:-1, max-image-preview:large, max-video-preview:-1\" \/>\n<link rel=\"canonical\" href=\"https:\/\/vozdecapitu.com.br\/es\/produto\/revista-capituras-copia\/\" \/>\n<meta property=\"og:locale\" content=\"es_ES\" \/>\n<meta property=\"og:type\" content=\"article\" \/>\n<meta property=\"og:title\" content=\"Revista Capituras 2ra edici\u00f3n - Voz de Capitu\" \/>\n<meta property=\"og:description\" content=\"Revista: Capituras &#8211; 2ra edici\u00f3n Paginas: 45 \u00a1Ya est\u00e1 disponible la 2\u00aa edici\u00f3n de la Revista Capituras! Capituras es una revista genuina de Potiguar, hecha por mujeres para mujeres, para acercar al p\u00fablico a los artistas de Potiguar. La extensi\u00f3n de Voz de Capitu va m\u00e1s all\u00e1 de la literatura, destacando producciones femeninas en varios [&hellip;]\" \/>\n<meta property=\"og:url\" content=\"https:\/\/vozdecapitu.com.br\/es\/produto\/revista-capituras-copia\/\" \/>\n<meta property=\"og:site_name\" content=\"Voz de Capitu\" \/>\n<meta property=\"article:publisher\" content=\"https:\/\/www.facebook.com\/vozdecapitu\" \/>\n<meta property=\"article:modified_time\" content=\"2023-12-11T12:46:50+00:00\" \/>\n<meta property=\"og:image\" content=\"https:\/\/vozdecapitu.com.br\/wp-content\/uploads\/2023\/12\/capituras2edicao-1.png\" \/>\n\t<meta property=\"og:image:width\" content=\"500\" \/>\n\t<meta property=\"og:image:height\" content=\"450\" \/>\n\t<meta property=\"og:image:type\" content=\"image\/png\" \/>\n<meta name=\"twitter:card\" content=\"summary_large_image\" \/>\n<meta name=\"twitter:label1\" content=\"Tiempo de lectura\" \/>\n\t<meta name=\"twitter:data1\" content=\"1 minuto\" \/>\n<script type=\"application\/ld+json\" class=\"yoast-schema-graph\">{\"@context\":\"https:\/\/schema.org\",\"@graph\":[{\"@type\":\"WebPage\",\"@id\":\"https:\/\/vozdecapitu.com.br\/es\/produto\/revista-capituras-copia\/\",\"url\":\"https:\/\/vozdecapitu.com.br\/es\/produto\/revista-capituras-copia\/\",\"name\":\"Revista Capituras 2ra edici\u00f3n - Voz de Capitu\",\"isPartOf\":{\"@id\":\"https:\/\/vozdecapitu.com.br\/#website\"},\"primaryImageOfPage\":{\"@id\":\"https:\/\/vozdecapitu.com.br\/es\/produto\/revista-capituras-copia\/#primaryimage\"},\"image\":{\"@id\":\"https:\/\/vozdecapitu.com.br\/es\/produto\/revista-capituras-copia\/#primaryimage\"},\"thumbnailUrl\":\"https:\/\/vozdecapitu.com.br\/wp-content\/uploads\/2023\/12\/capituras2edicao-1.png\",\"datePublished\":\"2023-12-05T19:31:58+00:00\",\"dateModified\":\"2023-12-11T12:46:50+00:00\",\"breadcrumb\":{\"@id\":\"https:\/\/vozdecapitu.com.br\/es\/produto\/revista-capituras-copia\/#breadcrumb\"},\"inLanguage\":\"es\",\"potentialAction\":[{\"@type\":\"ReadAction\",\"target\":[\"https:\/\/vozdecapitu.com.br\/es\/produto\/revista-capituras-copia\/\"]}]},{\"@type\":\"ImageObject\",\"inLanguage\":\"es\",\"@id\":\"https:\/\/vozdecapitu.com.br\/es\/produto\/revista-capituras-copia\/#primaryimage\",\"url\":\"https:\/\/vozdecapitu.com.br\/wp-content\/uploads\/2023\/12\/capituras2edicao-1.png\",\"contentUrl\":\"https:\/\/vozdecapitu.com.br\/wp-content\/uploads\/2023\/12\/capituras2edicao-1.png\",\"width\":500,\"height\":450},{\"@type\":\"BreadcrumbList\",\"@id\":\"https:\/\/vozdecapitu.com.br\/es\/produto\/revista-capituras-copia\/#breadcrumb\",\"itemListElement\":[{\"@type\":\"ListItem\",\"position\":1,\"name\":\"In\u00edcio\",\"item\":\"https:\/\/vozdecapitu.com.br\/\"},{\"@type\":\"ListItem\",\"position\":2,\"name\":\"Loja\",\"item\":\"https:\/\/vozdecapitu.com.br\/loja\/\"},{\"@type\":\"ListItem\",\"position\":3,\"name\":\"Revista Capituras 2ra edici\u00f3n\"}]},{\"@type\":\"WebSite\",\"@id\":\"https:\/\/vozdecapitu.com.br\/#website\",\"url\":\"https:\/\/vozdecapitu.com.br\/\",\"name\":\"Voz de Capitu\",\"description\":\"Na voz de Capitu, muitas mulheres.\",\"publisher\":{\"@id\":\"https:\/\/vozdecapitu.com.br\/#organization\"},\"alternateName\":\"Voz de Capitu\",\"potentialAction\":[{\"@type\":\"SearchAction\",\"target\":{\"@type\":\"EntryPoint\",\"urlTemplate\":\"https:\/\/vozdecapitu.com.br\/?s={search_term_string}\"},\"query-input\":{\"@type\":\"PropertyValueSpecification\",\"valueRequired\":true,\"valueName\":\"search_term_string\"}}],\"inLanguage\":\"es\"},{\"@type\":\"Organization\",\"@id\":\"https:\/\/vozdecapitu.com.br\/#organization\",\"name\":\"Voz de Capitu\",\"alternateName\":\"Voz de Capitu\",\"url\":\"https:\/\/vozdecapitu.com.br\/\",\"logo\":{\"@type\":\"ImageObject\",\"inLanguage\":\"es\",\"@id\":\"https:\/\/vozdecapitu.com.br\/#\/schema\/logo\/image\/\",\"url\":\"https:\/\/vozdecapitu.com.br\/wp-content\/uploads\/2023\/07\/capitu.png\",\"contentUrl\":\"https:\/\/vozdecapitu.com.br\/wp-content\/uploads\/2023\/07\/capitu.png\",\"width\":385,\"height\":187,\"caption\":\"Voz de Capitu\"},\"image\":{\"@id\":\"https:\/\/vozdecapitu.com.br\/#\/schema\/logo\/image\/\"},\"sameAs\":[\"https:\/\/www.facebook.com\/vozdecapitu\",\"https:\/\/www.instagram.com\/vozdecapitu\/\"]}]}<\/script>\n<!-- \/ Yoast SEO plugin. -->","yoast_head_json":{"title":"Revista Capituras 2ra edici\u00f3n - Voz de Capitu","robots":{"index":"index","follow":"follow","max-snippet":"max-snippet:-1","max-image-preview":"max-image-preview:large","max-video-preview":"max-video-preview:-1"},"canonical":"https:\/\/vozdecapitu.com.br\/es\/produto\/revista-capituras-copia\/","og_locale":"es_ES","og_type":"article","og_title":"Revista Capituras 2ra edici\u00f3n - Voz de Capitu","og_description":"Revista: Capituras &#8211; 2ra edici\u00f3n Paginas: 45 \u00a1Ya est\u00e1 disponible la 2\u00aa edici\u00f3n de la Revista Capituras! Capituras es una revista genuina de Potiguar, hecha por mujeres para mujeres, para acercar al p\u00fablico a los artistas de Potiguar. La extensi\u00f3n de Voz de Capitu va m\u00e1s all\u00e1 de la literatura, destacando producciones femeninas en varios [&hellip;]","og_url":"https:\/\/vozdecapitu.com.br\/es\/produto\/revista-capituras-copia\/","og_site_name":"Voz de Capitu","article_publisher":"https:\/\/www.facebook.com\/vozdecapitu","article_modified_time":"2023-12-11T12:46:50+00:00","og_image":[{"width":500,"height":450,"url":"https:\/\/vozdecapitu.com.br\/wp-content\/uploads\/2023\/12\/capituras2edicao-1.png","type":"image\/png"}],"twitter_card":"summary_large_image","twitter_misc":{"Tiempo de lectura":"1 minuto"},"schema":{"@context":"https:\/\/schema.org","@graph":[{"@type":"WebPage","@id":"https:\/\/vozdecapitu.com.br\/es\/produto\/revista-capituras-copia\/","url":"https:\/\/vozdecapitu.com.br\/es\/produto\/revista-capituras-copia\/","name":"Revista Capituras 2ra edici\u00f3n - Voz de Capitu","isPartOf":{"@id":"https:\/\/vozdecapitu.com.br\/#website"},"primaryImageOfPage":{"@id":"https:\/\/vozdecapitu.com.br\/es\/produto\/revista-capituras-copia\/#primaryimage"},"image":{"@id":"https:\/\/vozdecapitu.com.br\/es\/produto\/revista-capituras-copia\/#primaryimage"},"thumbnailUrl":"https:\/\/vozdecapitu.com.br\/wp-content\/uploads\/2023\/12\/capituras2edicao-1.png","datePublished":"2023-12-05T19:31:58+00:00","dateModified":"2023-12-11T12:46:50+00:00","breadcrumb":{"@id":"https:\/\/vozdecapitu.com.br\/es\/produto\/revista-capituras-copia\/#breadcrumb"},"inLanguage":"es","potentialAction":[{"@type":"ReadAction","target":["https:\/\/vozdecapitu.com.br\/es\/produto\/revista-capituras-copia\/"]}]},{"@type":"ImageObject","inLanguage":"es","@id":"https:\/\/vozdecapitu.com.br\/es\/produto\/revista-capituras-copia\/#primaryimage","url":"https:\/\/vozdecapitu.com.br\/wp-content\/uploads\/2023\/12\/capituras2edicao-1.png","contentUrl":"https:\/\/vozdecapitu.com.br\/wp-content\/uploads\/2023\/12\/capituras2edicao-1.png","width":500,"height":450},{"@type":"BreadcrumbList","@id":"https:\/\/vozdecapitu.com.br\/es\/produto\/revista-capituras-copia\/#breadcrumb","itemListElement":[{"@type":"ListItem","position":1,"name":"In\u00edcio","item":"https:\/\/vozdecapitu.com.br\/"},{"@type":"ListItem","position":2,"name":"Loja","item":"https:\/\/vozdecapitu.com.br\/loja\/"},{"@type":"ListItem","position":3,"name":"Revista Capituras 2ra edici\u00f3n"}]},{"@type":"WebSite","@id":"https:\/\/vozdecapitu.com.br\/#website","url":"https:\/\/vozdecapitu.com.br\/","name":"Voz de Capitu","description":"Na voz de Capitu, muitas mulheres.","publisher":{"@id":"https:\/\/vozdecapitu.com.br\/#organization"},"alternateName":"Voz de Capitu","potentialAction":[{"@type":"SearchAction","target":{"@type":"EntryPoint","urlTemplate":"https:\/\/vozdecapitu.com.br\/?s={search_term_string}"},"query-input":{"@type":"PropertyValueSpecification","valueRequired":true,"valueName":"search_term_string"}}],"inLanguage":"es"},{"@type":"Organization","@id":"https:\/\/vozdecapitu.com.br\/#organization","name":"Voz de Capitu","alternateName":"Voz de Capitu","url":"https:\/\/vozdecapitu.com.br\/","logo":{"@type":"ImageObject","inLanguage":"es","@id":"https:\/\/vozdecapitu.com.br\/#\/schema\/logo\/image\/","url":"https:\/\/vozdecapitu.com.br\/wp-content\/uploads\/2023\/07\/capitu.png","contentUrl":"https:\/\/vozdecapitu.com.br\/wp-content\/uploads\/2023\/07\/capitu.png","width":385,"height":187,"caption":"Voz de Capitu"},"image":{"@id":"https:\/\/vozdecapitu.com.br\/#\/schema\/logo\/image\/"},"sameAs":["https:\/\/www.facebook.com\/vozdecapitu","https:\/\/www.instagram.com\/vozdecapitu\/"]}]}},"_links":{"self":[{"href":"https:\/\/vozdecapitu.com.br\/es\/wp-json\/wp\/v2\/product\/1247","targetHints":{"allow":["GET"]}}],"collection":[{"href":"https:\/\/vozdecapitu.com.br\/es\/wp-json\/wp\/v2\/product"}],"about":[{"href":"https:\/\/vozdecapitu.com.br\/es\/wp-json\/wp\/v2\/types\/product"}],"replies":[{"embeddable":true,"href":"https:\/\/vozdecapitu.com.br\/es\/wp-json\/wp\/v2\/comments?post=1247"}],"wp:featuredmedia":[{"embeddable":true,"href":"https:\/\/vozdecapitu.com.br\/es\/wp-json\/wp\/v2\/media\/1279"}],"wp:attachment":[{"href":"https:\/\/vozdecapitu.com.br\/es\/wp-json\/wp\/v2\/media?parent=1247"}],"wp:term":[{"taxonomy":"product_brand","embeddable":true,"href":"https:\/\/vozdecapitu.com.br\/es\/wp-json\/wp\/v2\/product_brand?post=1247"},{"taxonomy":"product_cat","embeddable":true,"href":"https:\/\/vozdecapitu.com.br\/es\/wp-json\/wp\/v2\/product_cat?post=1247"},{"taxonomy":"product_tag","embeddable":true,"href":"https:\/\/vozdecapitu.com.br\/es\/wp-json\/wp\/v2\/product_tag?post=1247"}],"curies":[{"name":"wp","href":"https:\/\/api.w.org\/{rel}","templated":true}]}}