{"id":1338,"date":"2026-04-30T02:22:18","date_gmt":"2026-04-30T05:22:18","guid":{"rendered":"https:\/\/vozdecapitu.com.br\/?post_type=product&#038;p=1338"},"modified":"2026-04-30T02:31:37","modified_gmt":"2026-04-30T05:31:37","slug":"e-book-paginas-de-uma-vida","status":"publish","type":"product","link":"https:\/\/vozdecapitu.com.br\/en\/produto\/e-book-paginas-de-uma-vida\/","title":{"rendered":"E-book &#8220;P\u00e1ginas de uma Vida&#8221;"},"content":{"rendered":"<h2>Detalhes do produto<\/h2>\n<ul>\n<li><strong>Autora:<\/strong> Fernanda Sampaio<\/li>\n<li><strong>Editora :\u00a0<\/strong>Capitu; 1\u00aa edi\u00e7\u00e3o (2026)<\/li>\n<li><strong>Idioma :\u00a0<\/strong>Portugu\u00eas<\/li>\n<li><strong>Capa comum : 80 <\/strong>p\u00e1ginas<\/li>\n<li><strong>ISBN <\/strong>978-65-284-0374-5<\/li>\n<li><strong>Formato<\/strong>: PDF e EPUB\n<div>\n<div>&#8220;P\u00e1ginas de uma Vida&#8221;, de Fernanda Sampaio, publicado pela editora Capitu, \u00e9 uma obra de poesia que explora uma jornada introspectiva, estruturada em diversos temas que refletem as experi\u00eancias, sentimentos e a filosofia de vida da autora. A obra aborda conceitos como o amor, a sabedoria, o sil\u00eancio, o autoconhecimento e a for\u00e7a feminina.\u00a0A autora utiliza a escrita como uma ferramenta de reflex\u00e3o e ressignifica\u00e7\u00e3o da exist\u00eancia, descrevendo a vida como um fluxo cont\u00ednuo de mudan\u00e7as e aprendizados.<\/div>\n<div>A escrita de Fernanda Sampaio \u00e9 caracterizada por sua sensibilidade e busca por autenticidade.\u00a0Ela concebe a poesia como um convite \u00e0 vida e um meio de transitar entre o que se sente e o que se percebe.<\/div>\n<\/div>\n<\/li>\n<\/ul>\n","protected":false},"excerpt":{"rendered":"<p>Uma obra po\u00e9tica sens\u00edvel e introspectiva que convida o leitor a mergulhar em reflex\u00f5es sobre a vida, o amor e o autoconhecimento. Em \u201cP\u00e1ginas de uma Vida\u201d, Fernanda Sampaio transforma sentimentos e experi\u00eancias em versos que inspiram, acolhem e ressignificam o olhar sobre a exist\u00eancia.<br data-start=\"471\" data-end=\"474\" \/><em>Dispon\u00edvel em PDF e EPUB para leitura em qualquer dispositivo.<\/em><\/p>\n","protected":false},"featured_media":1340,"comment_status":"open","ping_status":"closed","template":"","meta":{"_monsterinsights_skip_tracking":false,"_monsterinsights_sitenote_active":false,"_monsterinsights_sitenote_note":"","_monsterinsights_sitenote_category":0},"product_brand":[],"product_cat":[16],"product_tag":[],"class_list":{"0":"post-1338","1":"product","2":"type-product","3":"status-publish","4":"has-post-thumbnail","6":"product_cat-livros","8":"first","9":"instock","10":"downloadable","11":"virtual","12":"purchasable","13":"product-type-simple"},"yoast_head":"<!-- This site is optimized with the Yoast SEO plugin v26.9 - https:\/\/yoast.com\/product\/yoast-seo-wordpress\/ -->\n<title>E-book &quot;P\u00e1ginas de uma Vida&quot; - Voz de Capitu<\/title>\n<meta name=\"robots\" content=\"index, follow, max-snippet:-1, max-image-preview:large, max-video-preview:-1\" \/>\n<link rel=\"canonical\" href=\"https:\/\/vozdecapitu.com.br\/produto\/e-book-paginas-de-uma-vida\/\" \/>\n<meta property=\"og:locale\" content=\"en_US\" \/>\n<meta property=\"og:type\" content=\"article\" \/>\n<meta property=\"og:title\" content=\"E-book &quot;P\u00e1ginas de uma Vida&quot; - Voz de Capitu\" \/>\n<meta property=\"og:description\" content=\"Uma obra po\u00e9tica sens\u00edvel e introspectiva que convida o leitor a mergulhar em reflex\u00f5es sobre a vida, o amor e o autoconhecimento. Em \u201cP\u00e1ginas de uma Vida\u201d, Fernanda Sampaio transforma sentimentos e experi\u00eancias em versos que inspiram, acolhem e ressignificam o olhar sobre a exist\u00eancia.Dispon\u00edvel em PDF e EPUB para leitura em qualquer dispositivo.\" \/>\n<meta property=\"og:url\" content=\"https:\/\/vozdecapitu.com.br\/produto\/e-book-paginas-de-uma-vida\/\" \/>\n<meta property=\"og:site_name\" content=\"Voz de Capitu\" \/>\n<meta property=\"article:publisher\" content=\"https:\/\/www.facebook.com\/vozdecapitu\" \/>\n<meta property=\"article:modified_time\" content=\"2026-04-30T05:31:37+00:00\" \/>\n<meta property=\"og:image\" content=\"https:\/\/vozdecapitu.com.br\/wp-content\/uploads\/2026\/04\/img-ebook.png\" \/>\n\t<meta property=\"og:image:width\" content=\"1254\" \/>\n\t<meta property=\"og:image:height\" content=\"1254\" \/>\n\t<meta property=\"og:image:type\" content=\"image\/png\" \/>\n<meta name=\"twitter:card\" content=\"summary_large_image\" \/>\n<meta name=\"twitter:label1\" content=\"Est. reading time\" \/>\n\t<meta name=\"twitter:data1\" content=\"1 minute\" \/>\n<script type=\"application\/ld+json\" class=\"yoast-schema-graph\">{\"@context\":\"https:\/\/schema.org\",\"@graph\":[{\"@type\":\"WebPage\",\"@id\":\"https:\/\/vozdecapitu.com.br\/produto\/e-book-paginas-de-uma-vida\/\",\"url\":\"https:\/\/vozdecapitu.com.br\/produto\/e-book-paginas-de-uma-vida\/\",\"name\":\"E-book \\\"P\u00e1ginas de uma Vida\\\" - Voz de Capitu\",\"isPartOf\":{\"@id\":\"https:\/\/vozdecapitu.com.br\/#website\"},\"primaryImageOfPage\":{\"@id\":\"https:\/\/vozdecapitu.com.br\/produto\/e-book-paginas-de-uma-vida\/#primaryimage\"},\"image\":{\"@id\":\"https:\/\/vozdecapitu.com.br\/produto\/e-book-paginas-de-uma-vida\/#primaryimage\"},\"thumbnailUrl\":\"https:\/\/vozdecapitu.com.br\/wp-content\/uploads\/2026\/04\/img-ebook.png\",\"datePublished\":\"2026-04-30T05:22:18+00:00\",\"dateModified\":\"2026-04-30T05:31:37+00:00\",\"breadcrumb\":{\"@id\":\"https:\/\/vozdecapitu.com.br\/produto\/e-book-paginas-de-uma-vida\/#breadcrumb\"},\"inLanguage\":\"en-US\",\"potentialAction\":[{\"@type\":\"ReadAction\",\"target\":[\"https:\/\/vozdecapitu.com.br\/produto\/e-book-paginas-de-uma-vida\/\"]}]},{\"@type\":\"ImageObject\",\"inLanguage\":\"en-US\",\"@id\":\"https:\/\/vozdecapitu.com.br\/produto\/e-book-paginas-de-uma-vida\/#primaryimage\",\"url\":\"https:\/\/vozdecapitu.com.br\/wp-content\/uploads\/2026\/04\/img-ebook.png\",\"contentUrl\":\"https:\/\/vozdecapitu.com.br\/wp-content\/uploads\/2026\/04\/img-ebook.png\",\"width\":1254,\"height\":1254},{\"@type\":\"BreadcrumbList\",\"@id\":\"https:\/\/vozdecapitu.com.br\/produto\/e-book-paginas-de-uma-vida\/#breadcrumb\",\"itemListElement\":[{\"@type\":\"ListItem\",\"position\":1,\"name\":\"In\u00edcio\",\"item\":\"https:\/\/vozdecapitu.com.br\/en\/\"},{\"@type\":\"ListItem\",\"position\":2,\"name\":\"Loja\",\"item\":\"https:\/\/vozdecapitu.com.br\/loja\/\"},{\"@type\":\"ListItem\",\"position\":3,\"name\":\"E-book &#8220;P\u00e1ginas de uma Vida&#8221;\"}]},{\"@type\":\"WebSite\",\"@id\":\"https:\/\/vozdecapitu.com.br\/#website\",\"url\":\"https:\/\/vozdecapitu.com.br\/\",\"name\":\"Voz de Capitu\",\"description\":\"Na voz de Capitu, muitas mulheres.\",\"publisher\":{\"@id\":\"https:\/\/vozdecapitu.com.br\/#organization\"},\"alternateName\":\"Voz de Capitu\",\"potentialAction\":[{\"@type\":\"SearchAction\",\"target\":{\"@type\":\"EntryPoint\",\"urlTemplate\":\"https:\/\/vozdecapitu.com.br\/?s={search_term_string}\"},\"query-input\":{\"@type\":\"PropertyValueSpecification\",\"valueRequired\":true,\"valueName\":\"search_term_string\"}}],\"inLanguage\":\"en-US\"},{\"@type\":\"Organization\",\"@id\":\"https:\/\/vozdecapitu.com.br\/#organization\",\"name\":\"Voz de Capitu\",\"alternateName\":\"Voz de Capitu\",\"url\":\"https:\/\/vozdecapitu.com.br\/\",\"logo\":{\"@type\":\"ImageObject\",\"inLanguage\":\"en-US\",\"@id\":\"https:\/\/vozdecapitu.com.br\/#\/schema\/logo\/image\/\",\"url\":\"https:\/\/vozdecapitu.com.br\/wp-content\/uploads\/2023\/07\/capitu.png\",\"contentUrl\":\"https:\/\/vozdecapitu.com.br\/wp-content\/uploads\/2023\/07\/capitu.png\",\"width\":385,\"height\":187,\"caption\":\"Voz de Capitu\"},\"image\":{\"@id\":\"https:\/\/vozdecapitu.com.br\/#\/schema\/logo\/image\/\"},\"sameAs\":[\"https:\/\/www.facebook.com\/vozdecapitu\",\"https:\/\/www.instagram.com\/vozdecapitu\/\"]}]}<\/script>\n<!-- \/ Yoast SEO plugin. -->","yoast_head_json":{"title":"E-book \"P\u00e1ginas de uma Vida\" - Voz de Capitu","robots":{"index":"index","follow":"follow","max-snippet":"max-snippet:-1","max-image-preview":"max-image-preview:large","max-video-preview":"max-video-preview:-1"},"canonical":"https:\/\/vozdecapitu.com.br\/produto\/e-book-paginas-de-uma-vida\/","og_locale":"en_US","og_type":"article","og_title":"E-book \"P\u00e1ginas de uma Vida\" - Voz de Capitu","og_description":"Uma obra po\u00e9tica sens\u00edvel e introspectiva que convida o leitor a mergulhar em reflex\u00f5es sobre a vida, o amor e o autoconhecimento. Em \u201cP\u00e1ginas de uma Vida\u201d, Fernanda Sampaio transforma sentimentos e experi\u00eancias em versos que inspiram, acolhem e ressignificam o olhar sobre a exist\u00eancia.Dispon\u00edvel em PDF e EPUB para leitura em qualquer dispositivo.","og_url":"https:\/\/vozdecapitu.com.br\/produto\/e-book-paginas-de-uma-vida\/","og_site_name":"Voz de Capitu","article_publisher":"https:\/\/www.facebook.com\/vozdecapitu","article_modified_time":"2026-04-30T05:31:37+00:00","og_image":[{"width":1254,"height":1254,"url":"https:\/\/vozdecapitu.com.br\/wp-content\/uploads\/2026\/04\/img-ebook.png","type":"image\/png"}],"twitter_card":"summary_large_image","twitter_misc":{"Est. reading time":"1 minute"},"schema":{"@context":"https:\/\/schema.org","@graph":[{"@type":"WebPage","@id":"https:\/\/vozdecapitu.com.br\/produto\/e-book-paginas-de-uma-vida\/","url":"https:\/\/vozdecapitu.com.br\/produto\/e-book-paginas-de-uma-vida\/","name":"E-book \"P\u00e1ginas de uma Vida\" - Voz de Capitu","isPartOf":{"@id":"https:\/\/vozdecapitu.com.br\/#website"},"primaryImageOfPage":{"@id":"https:\/\/vozdecapitu.com.br\/produto\/e-book-paginas-de-uma-vida\/#primaryimage"},"image":{"@id":"https:\/\/vozdecapitu.com.br\/produto\/e-book-paginas-de-uma-vida\/#primaryimage"},"thumbnailUrl":"https:\/\/vozdecapitu.com.br\/wp-content\/uploads\/2026\/04\/img-ebook.png","datePublished":"2026-04-30T05:22:18+00:00","dateModified":"2026-04-30T05:31:37+00:00","breadcrumb":{"@id":"https:\/\/vozdecapitu.com.br\/produto\/e-book-paginas-de-uma-vida\/#breadcrumb"},"inLanguage":"en-US","potentialAction":[{"@type":"ReadAction","target":["https:\/\/vozdecapitu.com.br\/produto\/e-book-paginas-de-uma-vida\/"]}]},{"@type":"ImageObject","inLanguage":"en-US","@id":"https:\/\/vozdecapitu.com.br\/produto\/e-book-paginas-de-uma-vida\/#primaryimage","url":"https:\/\/vozdecapitu.com.br\/wp-content\/uploads\/2026\/04\/img-ebook.png","contentUrl":"https:\/\/vozdecapitu.com.br\/wp-content\/uploads\/2026\/04\/img-ebook.png","width":1254,"height":1254},{"@type":"BreadcrumbList","@id":"https:\/\/vozdecapitu.com.br\/produto\/e-book-paginas-de-uma-vida\/#breadcrumb","itemListElement":[{"@type":"ListItem","position":1,"name":"In\u00edcio","item":"https:\/\/vozdecapitu.com.br\/en\/"},{"@type":"ListItem","position":2,"name":"Loja","item":"https:\/\/vozdecapitu.com.br\/loja\/"},{"@type":"ListItem","position":3,"name":"E-book &#8220;P\u00e1ginas de uma Vida&#8221;"}]},{"@type":"WebSite","@id":"https:\/\/vozdecapitu.com.br\/#website","url":"https:\/\/vozdecapitu.com.br\/","name":"Voz de Capitu","description":"Na voz de Capitu, muitas mulheres.","publisher":{"@id":"https:\/\/vozdecapitu.com.br\/#organization"},"alternateName":"Voz de Capitu","potentialAction":[{"@type":"SearchAction","target":{"@type":"EntryPoint","urlTemplate":"https:\/\/vozdecapitu.com.br\/?s={search_term_string}"},"query-input":{"@type":"PropertyValueSpecification","valueRequired":true,"valueName":"search_term_string"}}],"inLanguage":"en-US"},{"@type":"Organization","@id":"https:\/\/vozdecapitu.com.br\/#organization","name":"Voz de Capitu","alternateName":"Voz de Capitu","url":"https:\/\/vozdecapitu.com.br\/","logo":{"@type":"ImageObject","inLanguage":"en-US","@id":"https:\/\/vozdecapitu.com.br\/#\/schema\/logo\/image\/","url":"https:\/\/vozdecapitu.com.br\/wp-content\/uploads\/2023\/07\/capitu.png","contentUrl":"https:\/\/vozdecapitu.com.br\/wp-content\/uploads\/2023\/07\/capitu.png","width":385,"height":187,"caption":"Voz de Capitu"},"image":{"@id":"https:\/\/vozdecapitu.com.br\/#\/schema\/logo\/image\/"},"sameAs":["https:\/\/www.facebook.com\/vozdecapitu","https:\/\/www.instagram.com\/vozdecapitu\/"]}]}},"_links":{"self":[{"href":"https:\/\/vozdecapitu.com.br\/en\/wp-json\/wp\/v2\/product\/1338","targetHints":{"allow":["GET"]}}],"collection":[{"href":"https:\/\/vozdecapitu.com.br\/en\/wp-json\/wp\/v2\/product"}],"about":[{"href":"https:\/\/vozdecapitu.com.br\/en\/wp-json\/wp\/v2\/types\/product"}],"replies":[{"embeddable":true,"href":"https:\/\/vozdecapitu.com.br\/en\/wp-json\/wp\/v2\/comments?post=1338"}],"wp:featuredmedia":[{"embeddable":true,"href":"https:\/\/vozdecapitu.com.br\/en\/wp-json\/wp\/v2\/media\/1340"}],"wp:attachment":[{"href":"https:\/\/vozdecapitu.com.br\/en\/wp-json\/wp\/v2\/media?parent=1338"}],"wp:term":[{"taxonomy":"product_brand","embeddable":true,"href":"https:\/\/vozdecapitu.com.br\/en\/wp-json\/wp\/v2\/product_brand?post=1338"},{"taxonomy":"product_cat","embeddable":true,"href":"https:\/\/vozdecapitu.com.br\/en\/wp-json\/wp\/v2\/product_cat?post=1338"},{"taxonomy":"product_tag","embeddable":true,"href":"https:\/\/vozdecapitu.com.br\/en\/wp-json\/wp\/v2\/product_tag?post=1338"}],"curies":[{"name":"wp","href":"https:\/\/api.w.org\/{rel}","templated":true}]}}